{"id":1118,"date":"2021-05-21T19:22:06","date_gmt":"2021-05-21T19:22:06","guid":{"rendered":"https:\/\/antoniaferrer.com\/?page_id=1118"},"modified":"2021-07-01T10:51:29","modified_gmt":"2021-07-01T10:51:29","slug":"about","status":"publish","type":"page","link":"https:\/\/antoniaferrer.com\/es\/about\/","title":{"rendered":"SOBRE M\u00cd"},"content":{"rendered":"<div data-elementor-type=\"wp-page\" data-elementor-id=\"1118\" class=\"elementor elementor-1118\">\n\t\t\t\t\t\t<section class=\"elementor-section elementor-top-section elementor-element elementor-element-763a835 elementor-section-boxed elementor-section-height-default elementor-section-height-default\" data-id=\"763a835\" data-element_type=\"section\" data-e-type=\"section\">\n\t\t\t\t\t\t<div class=\"elementor-container elementor-column-gap-default\">\n\t\t\t\t\t<div class=\"elementor-column elementor-col-100 elementor-top-column elementor-element elementor-element-d9bf38c\" data-id=\"d9bf38c\" data-element_type=\"column\" data-e-type=\"column\">\n\t\t\t<div class=\"elementor-widget-wrap elementor-element-populated\">\n\t\t\t\t\t\t<div class=\"elementor-element elementor-element-9332364 elementor-widget elementor-widget-spacer\" data-id=\"9332364\" data-element_type=\"widget\" data-e-type=\"widget\" data-widget_type=\"spacer.default\">\n\t\t\t\t<div class=\"elementor-widget-container\">\n\t\t\t\t\t\t\t<div class=\"elementor-spacer\">\n\t\t\t<div class=\"elementor-spacer-inner\"><\/div>\n\t\t<\/div>\n\t\t\t\t\t\t<\/div>\n\t\t\t\t<\/div>\n\t\t\t\t\t<\/div>\n\t\t<\/div>\n\t\t\t\t\t<\/div>\n\t\t<\/section>\n\t\t\t\t<section class=\"elementor-section elementor-top-section elementor-element elementor-element-8a44554 elementor-hidden-tablet elementor-hidden-phone elementor-section-boxed elementor-section-height-default elementor-section-height-default\" data-id=\"8a44554\" data-element_type=\"section\" data-e-type=\"section\">\n\t\t\t\t\t\t<div class=\"elementor-container elementor-column-gap-wider\">\n\t\t\t\t\t<div class=\"elementor-column elementor-col-50 elementor-top-column elementor-element elementor-element-863c3cd\" data-id=\"863c3cd\" data-element_type=\"column\" data-e-type=\"column\">\n\t\t\t<div class=\"elementor-widget-wrap elementor-element-populated\">\n\t\t\t\t\t\t<div class=\"elementor-element elementor-element-9fff812 animated-fast elementor-invisible elementor-widget elementor-widget-image\" data-id=\"9fff812\" data-element_type=\"widget\" data-e-type=\"widget\" data-settings=\"{&quot;_animation&quot;:&quot;fadeIn&quot;}\" data-widget_type=\"image.default\">\n\t\t\t\t<div class=\"elementor-widget-container\">\n\t\t\t\t\t\t\t\t\t\t\t\t\t\t\t<img fetchpriority=\"high\" decoding=\"async\" width=\"1728\" height=\"2304\" src=\"https:\/\/antoniaferrer.com\/wp-content\/uploads\/2021\/06\/ANTONIA-FERRER-ABOUT.jpg\" class=\"attachment-full size-full wp-image-1486\" alt=\"\" srcset=\"https:\/\/antoniaferrer.com\/wp-content\/uploads\/2021\/06\/ANTONIA-FERRER-ABOUT.jpg 1728w, https:\/\/antoniaferrer.com\/wp-content\/uploads\/2021\/06\/ANTONIA-FERRER-ABOUT-225x300.jpg 225w, https:\/\/antoniaferrer.com\/wp-content\/uploads\/2021\/06\/ANTONIA-FERRER-ABOUT-768x1024.jpg 768w, https:\/\/antoniaferrer.com\/wp-content\/uploads\/2021\/06\/ANTONIA-FERRER-ABOUT-1152x1536.jpg 1152w, https:\/\/antoniaferrer.com\/wp-content\/uploads\/2021\/06\/ANTONIA-FERRER-ABOUT-1536x2048.jpg 1536w, https:\/\/antoniaferrer.com\/wp-content\/uploads\/2021\/06\/ANTONIA-FERRER-ABOUT-9x12.jpg 9w\" sizes=\"(max-width: 1728px) 100vw, 1728px\" \/>\t\t\t\t\t\t\t\t\t\t\t\t\t\t\t<\/div>\n\t\t\t\t<\/div>\n\t\t\t\t\t<\/div>\n\t\t<\/div>\n\t\t\t\t<div class=\"elementor-column elementor-col-50 elementor-top-column elementor-element elementor-element-f7aa7dd\" data-id=\"f7aa7dd\" data-element_type=\"column\" data-e-type=\"column\">\n\t\t\t<div class=\"elementor-widget-wrap elementor-element-populated\">\n\t\t\t\t\t\t<div class=\"elementor-element elementor-element-7cdf5e2 elementor-widget elementor-widget-heading\" data-id=\"7cdf5e2\" data-element_type=\"widget\" data-e-type=\"widget\" data-widget_type=\"heading.default\">\n\t\t\t\t<div class=\"elementor-widget-container\">\n\t\t\t\t\t<h2 class=\"elementor-heading-title elementor-size-large\">Antonia Ferrer<\/h2>\t\t\t\t<\/div>\n\t\t\t\t<\/div>\n\t\t\t\t<div class=\"elementor-element elementor-element-5d47c3a elementor-widget elementor-widget-text-editor\" data-id=\"5d47c3a\" data-element_type=\"widget\" data-e-type=\"widget\" data-widget_type=\"text-editor.default\">\n\t\t\t\t<div class=\"elementor-widget-container\">\n\t\t\t\t\t\t\t\t\t<p>Artista contempor\u00e1nea.<\/p><p>Representada por <a href=\"https:\/\/alzuetagallery.com\/blog\/portfolios\/antonia-ferrer\/\">Alzueta Gallery<\/a>. Descubre su trabajo en <a href=\"https:\/\/www.artsy.net\/artist\/antonia-ferrer\/works-for-sale\">Artsy<\/a>.<\/p><p>Vive y trabaja en Valencia.<\/p><p>Licenciada en Historia del Arte. Universidad de Valencia (2004-2009).<\/p>\t\t\t\t\t\t\t\t<\/div>\n\t\t\t\t<\/div>\n\t\t\t\t<div class=\"elementor-element elementor-element-e47a118 elementor-widget elementor-widget-text-editor\" data-id=\"e47a118\" data-element_type=\"widget\" data-e-type=\"widget\" data-widget_type=\"text-editor.default\">\n\t\t\t\t<div class=\"elementor-widget-container\">\n\t\t\t\t\t\t\t\t\t<p><em>Hay artistas que, a trav\u00e9s de su simplicidad, conectan con las ra\u00edces de la tradici\u00f3n. Son lo que podr\u00edamos llamar artistas intuitivos, aquellos que como un zahor\u00ed son capaces de detectar el agua bajo tierra, incluso en el desierto m\u00e1s inf\u00e9rtil. Antonia Ferrer es de esas artistas: s\u00f3lo con sus manos, con materia clara y simple, como si fuese s\u00f3lo arena o tierra fina, es capaz de conectar con la pintura oriental -sobre todo la coreana y la japonesa-, d\u00e1ndole a la superficie plana la profundidad de un paisaje, la lejan\u00eda de un mar, la oscuridad de un pozo.<\/em><\/p><p><em>Ferrer bebe de muchas fuentes: de T\u00e0pies sus superficies, del Mediterr\u00e1neo la luz de sus playas. Parece un ejercicio f\u00e1cil, pero en esa falsa e imposible facilidad radica la cualidad y la pasi\u00f3n que generan sus piezas. Es una artista al inicio de un camino, un sendero muy transitado, pero en el que, desde un principio, ha dejado una huella propia y muy reconocible.<\/em><\/p><p>MIQUEL ALZUETA<\/p>\t\t\t\t\t\t\t\t<\/div>\n\t\t\t\t<\/div>\n\t\t\t\t\t<\/div>\n\t\t<\/div>\n\t\t\t\t\t<\/div>\n\t\t<\/section>\n\t\t\t\t<section class=\"elementor-section elementor-top-section elementor-element elementor-element-1db7e30 elementor-hidden-desktop elementor-section-boxed elementor-section-height-default elementor-section-height-default\" data-id=\"1db7e30\" data-element_type=\"section\" data-e-type=\"section\">\n\t\t\t\t\t\t<div class=\"elementor-container elementor-column-gap-wider\">\n\t\t\t\t\t<div class=\"elementor-column elementor-col-100 elementor-top-column elementor-element elementor-element-cbf6096\" data-id=\"cbf6096\" data-element_type=\"column\" data-e-type=\"column\">\n\t\t\t<div class=\"elementor-widget-wrap elementor-element-populated\">\n\t\t\t\t\t\t<div class=\"elementor-element elementor-element-ba4655b elementor-widget elementor-widget-heading\" data-id=\"ba4655b\" data-element_type=\"widget\" data-e-type=\"widget\" data-widget_type=\"heading.default\">\n\t\t\t\t<div class=\"elementor-widget-container\">\n\t\t\t\t\t<h2 class=\"elementor-heading-title elementor-size-large\">Antonia Ferrer<\/h2>\t\t\t\t<\/div>\n\t\t\t\t<\/div>\n\t\t\t\t<div class=\"elementor-element elementor-element-92294dc elementor-widget elementor-widget-text-editor\" data-id=\"92294dc\" data-element_type=\"widget\" data-e-type=\"widget\" data-widget_type=\"text-editor.default\">\n\t\t\t\t<div class=\"elementor-widget-container\">\n\t\t\t\t\t\t\t\t\t<p>Artista contempor\u00e1nea.<\/p><p>Representada por <a href=\"https:\/\/alzuetagallery.com\/blog\/portfolios\/antonia-ferrer\/\">Alzueta Gallery<\/a>. Descubre su trabajo en <a href=\"https:\/\/www.artsy.net\/artist\/antonia-ferrer\/works-for-sale\">Artsy<\/a>.<\/p><p>Vive y trabaja en Valencia.<\/p><p>Licenciada en Historia del Arte. Universidad de Valencia (2004-2009).<\/p>\t\t\t\t\t\t\t\t<\/div>\n\t\t\t\t<\/div>\n\t\t\t\t<div class=\"elementor-element elementor-element-c3bfaac elementor-widget elementor-widget-spacer\" data-id=\"c3bfaac\" data-element_type=\"widget\" data-e-type=\"widget\" data-widget_type=\"spacer.default\">\n\t\t\t\t<div class=\"elementor-widget-container\">\n\t\t\t\t\t\t\t<div class=\"elementor-spacer\">\n\t\t\t<div class=\"elementor-spacer-inner\"><\/div>\n\t\t<\/div>\n\t\t\t\t\t\t<\/div>\n\t\t\t\t<\/div>\n\t\t\t\t<div class=\"elementor-element elementor-element-e27d7b7 elementor-widget elementor-widget-image\" data-id=\"e27d7b7\" data-element_type=\"widget\" data-e-type=\"widget\" data-widget_type=\"image.default\">\n\t\t\t\t<div class=\"elementor-widget-container\">\n\t\t\t\t\t\t\t\t\t\t\t\t\t\t\t<img fetchpriority=\"high\" decoding=\"async\" width=\"1728\" height=\"2304\" src=\"https:\/\/antoniaferrer.com\/wp-content\/uploads\/2021\/06\/ANTONIA-FERRER-ABOUT.jpg\" class=\"attachment-full size-full wp-image-1486\" alt=\"\" srcset=\"https:\/\/antoniaferrer.com\/wp-content\/uploads\/2021\/06\/ANTONIA-FERRER-ABOUT.jpg 1728w, https:\/\/antoniaferrer.com\/wp-content\/uploads\/2021\/06\/ANTONIA-FERRER-ABOUT-225x300.jpg 225w, https:\/\/antoniaferrer.com\/wp-content\/uploads\/2021\/06\/ANTONIA-FERRER-ABOUT-768x1024.jpg 768w, https:\/\/antoniaferrer.com\/wp-content\/uploads\/2021\/06\/ANTONIA-FERRER-ABOUT-1152x1536.jpg 1152w, https:\/\/antoniaferrer.com\/wp-content\/uploads\/2021\/06\/ANTONIA-FERRER-ABOUT-1536x2048.jpg 1536w, https:\/\/antoniaferrer.com\/wp-content\/uploads\/2021\/06\/ANTONIA-FERRER-ABOUT-9x12.jpg 9w\" sizes=\"(max-width: 1728px) 100vw, 1728px\" \/>\t\t\t\t\t\t\t\t\t\t\t\t\t\t\t<\/div>\n\t\t\t\t<\/div>\n\t\t\t\t<div class=\"elementor-element elementor-element-af29079 elementor-widget elementor-widget-spacer\" data-id=\"af29079\" data-element_type=\"widget\" data-e-type=\"widget\" data-widget_type=\"spacer.default\">\n\t\t\t\t<div class=\"elementor-widget-container\">\n\t\t\t\t\t\t\t<div class=\"elementor-spacer\">\n\t\t\t<div class=\"elementor-spacer-inner\"><\/div>\n\t\t<\/div>\n\t\t\t\t\t\t<\/div>\n\t\t\t\t<\/div>\n\t\t\t\t<div class=\"elementor-element elementor-element-a623b6a elementor-widget elementor-widget-text-editor\" data-id=\"a623b6a\" data-element_type=\"widget\" data-e-type=\"widget\" data-widget_type=\"text-editor.default\">\n\t\t\t\t<div class=\"elementor-widget-container\">\n\t\t\t\t\t\t\t\t\t<p><em>Hay artistas que, a trav\u00e9s de su simplicidad, conectan con las ra\u00edces de la tradici\u00f3n. Son lo que podr\u00edamos llamar artistas intuitivos, aquellos que como un zahor\u00ed son capaces de detectar el agua bajo tierra, incluso en el desierto m\u00e1s inf\u00e9rtil. Antonia Ferrer es de esas artistas: s\u00f3lo con sus manos, con materia clara y simple, como si fuese s\u00f3lo arena o tierra fina, es capaz de conectar con la pintura oriental -sobre todo la coreana y la japonesa-, d\u00e1ndole a la superficie plana la profundidad de un paisaje, la lejan\u00eda de un mar, la oscuridad de un pozo.<\/em><\/p><p><em>Ferrer bebe de muchas fuentes: de T\u00e0pies sus superficies, del Mediterr\u00e1neo la luz de sus playas. Parece un ejercicio f\u00e1cil, pero en esa falsa e imposible facilidad radica la cualidad y la pasi\u00f3n que generan sus piezas. Es una artista al inicio de un camino, un sendero muy transitado, pero en el que, desde un principio, ha dejado una huella propia y muy reconocible.<\/em><\/p><p>MIQUEL ALZUETA<\/p>\t\t\t\t\t\t\t\t<\/div>\n\t\t\t\t<\/div>\n\t\t\t\t\t<\/div>\n\t\t<\/div>\n\t\t\t\t\t<\/div>\n\t\t<\/section>\n\t\t\t\t<\/div>","protected":false},"excerpt":{"rendered":"<p>Antonia Ferrer Contemporary artist. Represented by Alzueta Gallery. Discover her work on Artsy. Lives and works in Valencia. Graduate in Art History. University of Valencia (2004-2009). There are artists who, through their simplicity, connect with the roots of tradition. They are what we could call intuitive artists, those who, like a dowser, are able to [&hellip;]<\/p>\n","protected":false},"author":1,"featured_media":0,"parent":0,"menu_order":0,"comment_status":"closed","ping_status":"closed","template":"elementor_header_footer","meta":{"footnotes":""},"class_list":["post-1118","page","type-page","status-publish","hentry"],"brizy_media":[],"_links":{"self":[{"href":"https:\/\/antoniaferrer.com\/es\/wp-json\/wp\/v2\/pages\/1118","targetHints":{"allow":["GET"]}}],"collection":[{"href":"https:\/\/antoniaferrer.com\/es\/wp-json\/wp\/v2\/pages"}],"about":[{"href":"https:\/\/antoniaferrer.com\/es\/wp-json\/wp\/v2\/types\/page"}],"author":[{"embeddable":true,"href":"https:\/\/antoniaferrer.com\/es\/wp-json\/wp\/v2\/users\/1"}],"replies":[{"embeddable":true,"href":"https:\/\/antoniaferrer.com\/es\/wp-json\/wp\/v2\/comments?post=1118"}],"version-history":[{"count":0,"href":"https:\/\/antoniaferrer.com\/es\/wp-json\/wp\/v2\/pages\/1118\/revisions"}],"wp:attachment":[{"href":"https:\/\/antoniaferrer.com\/es\/wp-json\/wp\/v2\/media?parent=1118"}],"curies":[{"name":"wp","href":"https:\/\/api.w.org\/{rel}","templated":true}]}}